{"id":189,"date":"2023-11-21T18:04:53","date_gmt":"2023-11-21T17:04:53","guid":{"rendered":"https:\/\/conectadas.eu\/politica-de-cookies\/"},"modified":"2023-11-27T12:48:41","modified_gmt":"2023-11-27T11:48:41","slug":"politica-de-cookies","status":"publish","type":"page","link":"https:\/\/conectadas.eu\/ca\/politica-de-cookies\/","title":{"rendered":"Pol\u00edtica de cookies"},"content":{"rendered":"<p>Aquesta Pol\u00edtica de cookies forma part integrant de les Condicions generals i de la Pol\u00edtica de privacitat. L&#8217;acc\u00e9s a i la navegaci\u00f3 pel nostre portal, o l&#8217;\u00fas dels serveis que ofereix, impliquen l&#8217;acceptaci\u00f3 de les Condicions generals (i, per tant, de la Pol\u00edtica de privacitat i de la Pol\u00edtica de cookies). Li preguem que les llegeixi atentament.<\/p>\n<p>Agra\u00efm que hagi decidit visitar-nos. Desitgem que la seva experi\u00e8ncia en aquest portal web sigui la millor possible i, per aquest motiu, hem redactat aquesta Pol\u00edtica de cookies de la forma m\u00e9s clara possible.<\/p>\n<p><strong>Qu\u00e8 \u00e9s una Cookie?<\/strong><\/p>\n<p>Les cookies s\u00f3n arxius que contenen petites quantitats d&#8217;informaci\u00f3 que es descarreguen en el dispositiu que l&#8217;usuari utilitza quan visita un lloc web. La seva finalitat principal \u00e9s recon\u00e8ixer a l&#8217;usuari cada cop que hi accedeix i permeten, a m\u00e9s a m\u00e9s, millorar la qualitat i la usabilitat de la nostra web.<\/p>\n<p>Les cookies s\u00f3n essencials per al funcionament d&#8217;Internet; no poden danyar l&#8217;equip\/dispositiu de l&#8217;usuari i, si es troben activades en la configuraci\u00f3 del seu navegador, ens ajuden a identificar i resoldre possibles errors de funcionament.<\/p>\n<p><strong>Tipus de Cookies<\/strong><\/p>\n<p>Hi ha diferents tipus de cookies. Totes elles treballen de la mateixa manera, per\u00f2 tenen petites difer\u00e8ncies:<\/p>\n<p>a) Cookies de Sessi\u00f3<br \/>\nLes cookies de sessi\u00f3 duren solament el temps de durada de la seva visita i s&#8217;esborren quan es tanca el navegador. La seva finalitat principal \u00e9s identificar el tipus de dispositiu, donar suport a la seguretat\u00a0 del lloc web o a la seva funcionalitat b\u00e0sica. No contenen informaci\u00f3 personal que permeti identificar a una persona.<\/p>\n<p>b) Cookies Persistents o Permanents<br \/>\nS&#8217;emmagatzemen en el disc dur del dispositiu i la web les llegeix cada cop que es realitza una nova visita; tenen una data de caducitat o expiraci\u00f3 determinada, complerta la qual, la cookie deixa de funcionar. Permeten identificar les seves accions i prefer\u00e8ncies; analitzar les visites i ajudar a comprendre com arriben els usuaris a la nostra p\u00e0gina i millorar els nostres serveis.<\/p>\n<p>c) Cookies de Funcionalitat<br \/>\nPermeten recordar decisions adoptades per l&#8217;usuari, com el seu login o identificador. La informaci\u00f3 que aquestes cookies recullen s&#8217;anonimitza (\u00e9s a dir, no emmagatzemen ni nom, ni adre\u00e7a, ni altre tipus de dades).<\/p>\n<p>d) Cookies de Tercers<br \/>\nLes cookies de tercers s\u00f3n les cookies que instal\u00b7la un lloc web que no \u00e9s el que s&#8217;est\u00e0 visitant; per exemple, les utilitzades per xarxes socials (com ara Facebook) o per complements externs de contingut (com ara Google Maps). Algunes empreses de publicitat utilitzen aquest tipus d&#8217;arxius per a realitzar un seguiment de les visites en cada lloc on s&#8217;anuncien.<\/p>\n<p>e) Cookies Anal\u00edtiques<br \/>\nS\u00f3n cookies que tenen per finalitat un manteniment peri\u00f2dic per a garantir el millor funcionament i servei a l&#8217;usuari, recopilant dades de la seva activitat.<\/p>\n<p><strong>\u00das de Cookies per part de Conectadas.eu<\/strong><\/p>\n<p>Mitjan\u00e7ant l&#8217;acc\u00e9s a Conectadas.eu, accepta de manera expressa que puguem utilitzar aquest tipus de cookies en els seus dispositius. Si desactiva les cookies, pot ser la seva navegaci\u00f3 no \u00e9s \u00f2ptima i algunes de les utilitats de que disposem no funcionin correctament.<\/p>\n<p><strong>a) Cookies pr\u00f2pies<\/strong><\/p>\n<p>Amb la finalitat de recon\u00e8ixer i prestar un millor servei, el nostre lloc web utilitza cookies pr\u00f2pies. Els avantatges que comporta l&#8217;acceptaci\u00f3 d&#8217;aquestes cookies es tradueix en un estalvi de temps. Aix\u00ed mateix, poden ser utilitzades tamb\u00e9 per a recon\u00e8ixer-li entre visites successives i aix\u00ed adaptar el contingut que es mostra; obtenir informaci\u00f3 sobre la data i hora de la seva \u00faltima visita, mesurar alguns par\u00e0metres de tr\u00e0nsit dins del propi lloc web, i estimar el nombre de visites realitzades, de manera que es puguin enfocar i ajustar els serveis i les promocions de manera m\u00e9s efectiva.<\/p>\n<p>Cap cookie pot extreure informaci\u00f3 del seu disc dur o robar informaci\u00f3 personal. Cap cookie permet contactar-se amb el seu n\u00famero de tel\u00e8fon, adre\u00e7a de correu electr\u00f2nic o amb qualsevol altre mitj\u00e0 de contacte, ni tampoc poden danyar el seu equip.<\/p>\n<p><strong>Cookies estrictament necess\u00e0ries<\/strong><\/p>\n<p>Cookie: __utma\/ temps d&#8217;expiraci\u00f3: PERSISTENT\/ prove\u00efdor: Google Analytics Descripci\u00f3: Cookie Anal\u00edtica. Guarda la id. del visitant i el nombre de visites que ha realitzat al lloc web.<\/p>\n<p>Pol\u00edtica de privacitat de Google:\u00a0 http:\/\/www.google.com\/intl\/es\/policies\/privacy\/<\/p>\n<p>Cookie: __utmb\/ temps d&#8217;expiraci\u00f3: TEMPORAL \/ prove\u00efdor: Google Analytics.<\/p>\n<p>Descripci\u00f3: emmagatzemen el temps de sessi\u00f3 de l&#8217;usuari al site.<\/p>\n<p>Cookie: __utmc temporal \/ temps d&#8217;expiraci\u00f3: TEMPORAL \/ prove\u00efdor: Google Analytics<\/p>\n<p>Pol\u00edtica de privacitat de Google:\u00a0 http:\/\/www.google.com\/intl\/es\/policies\/privacy\/<\/p>\n<p>Cookie: __utmz temporal \/ temps d&#8217;expiraci\u00f3: PERSISTENT \/ prove\u00efdor: Google Analytics<\/p>\n<p>Descripci\u00f3: Cookie anal\u00edtica. Cont\u00e9 la informaci\u00f3 del referent si l&#8217;usuari accedeix per un cercador, un enlla\u00e7 directe o un enlla\u00e7 procedent d&#8217;un anunci.<\/p>\n<p>Pol\u00edtica de privacitat de Google:\u00a0 http:\/\/www.google.com\/intl\/es\/policies\/privacy\/<\/p>\n<p><strong>b) Cookies de Google Analytics<\/strong><br \/>\nEl lloc utilitza el servei de Google Analytics, prestat per Google, Inc., entitat amb oficina principal a 1600 Amphitheatre Parkway, Mountain View (Calif\u00f2rnia), CA 94043, Estats Units (\u201cGoogle\u201d).<\/p>\n<p>Google Analytics utilitza cookies per a ajudar-nos a analitzar l&#8217;\u00fas que fan els usuaris del lloc. La informaci\u00f3 que genera la cookie sobre l&#8217;\u00fas del lloc (incloent la seva adre\u00e7a IP) ser\u00e0 directament transmesa i arxivada per Google en els seus servidors dels Estats Units. Google utilitzar\u00e0 aquesta informaci\u00f3 per compte nostre amb el prop\u00f2sit de seguir la pista de l&#8217;\u00fas del lloc, recopilant informes de l&#8217;activitat del lloc i prestant altres serveis relacionats amb l&#8217;activitat del lloc i l&#8217;\u00fas d&#8217;Internet. Google podr\u00e0 transmetre aquesta informaci\u00f3 a tercers quan aix\u00ed li ho requereixi la legislaci\u00f3, o quan aquests tercers processin la informaci\u00f3 per compte de Google. Google no associar\u00e0 la seva adre\u00e7a IP amb cap altra dada de que disposi Google.<\/p>\n<p>Si ho desitja, pot rebutjar el tractament de les dades o la informaci\u00f3 rebutjant l&#8217;\u00fas de cookies mitjan\u00e7ant la selecci\u00f3 de la configuraci\u00f3 apropiada del seu navegador. No obstant aix\u00f2, si ho fa, pot ser no pugui aprofitar el complet funcionament d&#8217;aquest lloc.<\/p>\n<p>En utilitzar aquest lloc consent el tractament de la seva informaci\u00f3 per Google en la forma i per als fins a dalt indicats.<\/p>\n<p><strong>Configuraci\u00f3 de l&#8217;usuari per a evitar Cookies.<\/strong><\/p>\n<p>Des de Fundaci\u00f3n Entreculturas, Fundaci\u00f3n Alboan, Fundaci\u00f3n Radio ECCA, Servicio Jesuita a Migrantes (SJM) i, en compliment de la normativa legal vigent, posem a la seva disposici\u00f3 la informaci\u00f3 que li permet configurar el seu navegador\/navegadors d&#8217;Internet per a mantenir la seva privacitat i seguretat en relaci\u00f3 a les cookies. Per aix\u00f2, facilitem la informaci\u00f3 i enlla\u00e7os als llocs de suport oficials dels principals navegadors perqu\u00e8 pugui decidir si desitja acceptar o no l&#8217;\u00fas de cookies.<\/p>\n<p>Aix\u00ed, es poden bloquejar les cookies a trav\u00e9s de les eines de configuraci\u00f3 del navegador o b\u00e9 configurar el navegador perqu\u00e8 li avisi quan un servidor vulgui guardar una cookie:<\/p>\n<p>a) Si utilitza Microsoft Internet Explorer, en l&#8217;opci\u00f3 de men\u00fa Eines &gt; Opcions d&#8217;Internet &gt; Privacitat &gt; Configuraci\u00f3. Per a saber m\u00e9s, visiti: http:\/\/windows.microsoft.com\/eses\/windowsvista\/blockorallowcookies<br \/>\nhttp:\/\/windows.microsoft.com\/eses\/windows\/howtomanagecookiesininternetexplorer9.<\/p>\n<p>b) Si utilitza Firefox, en l&#8217;opci\u00f3 de men\u00fa Eines &gt; Opcions &gt; Privacitat &gt; Cookies.<br \/>\nPer a saber m\u00e9s: http:\/\/support.mozilla.org\/es\/products\/firefox\/privacyandsecurity<\/p>\n<p>c) Si utilitza Chrome, en la secci\u00f3 d&#8217;Opcions &gt; Opcions avan\u00e7ades &gt; Privacitat.<br \/>\nPer a saber m\u00e9s: http:\/\/support.google.com\/chrome\/bin\/answer.py?hl=es&amp;answer=95647<\/p>\n<p>d) Si utilitza Opera, en l&#8217;opci\u00f3 de Seguretat i Privacitat, podr\u00e0 configurar el navegador.<br \/>\nPer a saber m\u00e9s: http:\/\/www.opera.com\/help\/tutorials\/security\/cookies\/<\/p>\n","protected":false},"excerpt":{"rendered":"<p>Aquesta Pol\u00edtica de cookies forma part integrant de les Condicions generals i de la Pol\u00edtica de privacitat. L&#8217;acc\u00e9s a i la navegaci\u00f3 pel nostre portal, o l&#8217;\u00fas dels serveis que ofereix, impliquen l&#8217;acceptaci\u00f3 de les Condicions generals (i, per tant, de la Pol\u00edtica de privacitat i de la Pol\u00edtica de cookies). Li preguem que les [&hellip;]<\/p>\n","protected":false},"author":1,"featured_media":0,"parent":0,"menu_order":0,"comment_status":"closed","ping_status":"closed","template":"","meta":{"_acf_changed":false,"inline_featured_image":false,"_themeisle_gutenberg_block_has_review":false,"footnotes":""},"class_list":["post-189","page","type-page","status-publish","hentry"],"acf":[],"_links":{"self":[{"href":"https:\/\/conectadas.eu\/ca\/wp-json\/wp\/v2\/pages\/189","targetHints":{"allow":["GET"]}}],"collection":[{"href":"https:\/\/conectadas.eu\/ca\/wp-json\/wp\/v2\/pages"}],"about":[{"href":"https:\/\/conectadas.eu\/ca\/wp-json\/wp\/v2\/types\/page"}],"author":[{"embeddable":true,"href":"https:\/\/conectadas.eu\/ca\/wp-json\/wp\/v2\/users\/1"}],"replies":[{"embeddable":true,"href":"https:\/\/conectadas.eu\/ca\/wp-json\/wp\/v2\/comments?post=189"}],"version-history":[{"count":1,"href":"https:\/\/conectadas.eu\/ca\/wp-json\/wp\/v2\/pages\/189\/revisions"}],"predecessor-version":[{"id":191,"href":"https:\/\/conectadas.eu\/ca\/wp-json\/wp\/v2\/pages\/189\/revisions\/191"}],"wp:attachment":[{"href":"https:\/\/conectadas.eu\/ca\/wp-json\/wp\/v2\/media?parent=189"}],"curies":[{"name":"wp","href":"https:\/\/api.w.org\/{rel}","templated":true}]}}