{"id":212,"date":"2023-11-21T18:04:33","date_gmt":"2023-11-21T17:04:33","guid":{"rendered":"https:\/\/conectadas.eu\/legal-notice\/"},"modified":"2024-01-02T17:03:10","modified_gmt":"2024-01-02T16:03:10","slug":"legal-notice","status":"publish","type":"page","link":"https:\/\/conectadas.eu\/en\/legal-notice\/","title":{"rendered":"Legal notice"},"content":{"rendered":"<p>El acceso y la navegaci\u00f3n en este sitio web implican la aceptaci\u00f3n expresa e \u00edntegra de todas y cada una de las presentes condiciones generales, incluidas la Pol\u00edtica de privacidad y Cookies, relativa a las finalidades de los tratamientos de los datos que se nos faciliten. Por favor, recomendamos que la lea atentamente. Salvo indicaci\u00f3n expresa en contrario, el acceso a la informaci\u00f3n mostrada en las p\u00e1ginas del portal, es totalmente gratuita.<\/p>\n<p>En el presente documento T\u00e9rminos y Condiciones encontrar\u00e1 informaci\u00f3n sobre:<\/p>\n<ul>\n<li>Identificaci\u00f3n Legal.<\/li>\n<li>Condiciones Generales de Uso.<\/li>\n<li>Obligaciones Generales del Usuario.<\/li>\n<li>Pol\u00edtica de Retorno, Devoluci\u00f3n, Cancelaci\u00f3n, Edad m\u00ednima y Per\u00edodo de Entrega.<\/li>\n<li>Declaraci\u00f3n de Privacidad que cubre el uso de datos de los clientes.<\/li>\n<li>Su consentimiento a esta Pol\u00edtica de Privacidad.<\/li>\n<li>Pago a trav\u00e9s de Tarjetas de Cr\u00e9dito.<\/li>\n<li>Condiciones de participaci\u00f3n del usuario en diferentes secciones y herramientas: Blogs y<\/li>\n<li>Comentarios.<\/li>\n<li>Propiedad Intelectual e industrial.<\/li>\n<li>Enlaces.<\/li>\n<li>Responsabilidad.<\/li>\n<li>Jurisdicci\u00f3n.<\/li>\n<\/ul>\n<p><strong>1.- IDENTIFICACI\u00d3N LEGAL<\/strong><\/p>\n<p>En cumplimiento de la Ley 34\/2002, de 11 de julio, de Servicios de la Sociedad de la Informaci\u00f3n y del Comercio Electr\u00f3nico, los datos identificativos del titular de Conectadas.eu, son:<\/p>\n<p>FUNDACI\u00d3N ENTRECULTURAS FE Y ALEGR\u00cdA<\/p>\n<p>Calle Maldonado, 1, A, planta 3<br \/>\n28006 Madrid (Espa\u00f1a)<br \/>\nCIF. G-82409020<br \/>\nContacto para modificaci\u00f3n de datos: datos@entreculturas.org<br \/>\nContacto DPO: rgpd@entreculturas.org<\/p>\n<p>FUNDACI\u00d3N ALBOAN<\/p>\n<p>Calle Padre Lojendio, 2. 2\u00aa<br \/>\n48008 \u2013 Bilbao (Espa\u00f1a)<br \/>\nCIF. G-48811376<br \/>\nContacto para modificaci\u00f3n de datos: info@alboan.org<\/p>\n<p>FUNDACI\u00d3N RADIO ECCA, con domicilio social en Avd. Escaleritas, N\u00ba64-1, C.P. 35011, Las Palmas de<\/p>\n<p>Gran Canaria (Las Palmas)<br \/>\nTel: 928 289 168<br \/>\nCorreo electr\u00f3nico: direccion@radioecca.org<\/p>\n<p>SERVICIO JESUITA A MIGRANTES &#8211; SJM ESPA\u00d1A, con domicilio social en Avenida Moncloa, 6, 28003, Madrid y CIF G-85662849<br \/>\nCorreo electr\u00f3nico:\u00a0 info@sjme.org<\/p>\n<p>Para cualquier duda o consulta, puede ponerse en contacto con nosotros a trav\u00e9s del Telf.: 91.5902672, o por correo electr\u00f3nico: rgpd@entreculturas.org.<\/p>\n<p>El acceso a Conectadas.eu supone la aceptaci\u00f3n expresa del Usuario a las presentes condiciones, que podr\u00e1n ser modificadas o sustituidas por la Fundaci\u00f3n Entreculturas, Fundaci\u00f3n Alboan, Fundaci\u00f3n Radio ECCA, Servicio Jesuita a Migrantes (SJM) en cualquier momento y sin previo aviso.<\/p>\n<p><strong>2.- CONDICIONES GENERALES DE USO<\/strong><\/p>\n<p>Los siguientes T\u00e9rminos y Condiciones generales regulan el uso y acceso al portal Web Conectadas.eu , cuya finalidad es ser puerta de entrada que ofrezca a los usuarios informaci\u00f3n, servicios y contenidos v\u00eda Web.<\/p>\n<p>Todo usuario con acceso a esta web, deber\u00e1 aceptar las presentes Condiciones Generales, entendi\u00e9ndose la utilizaci\u00f3n de la web como una aceptaci\u00f3n de las mismas.<\/p>\n<p>Igualmente, aquellas p\u00e1ginas, titularidad de terceros, a las que se puede acceder a trav\u00e9s de enlaces y que presentan otras condiciones generales, deber\u00e1n ser igualmente aceptadas.<\/p>\n<p>El usuario se compromete a hacer un uso adecuado de los contenidos, servicios, noticias, blogs, que est\u00e1n accesibles en Conectadas.eu, con sujeci\u00f3n a la Ley y a las presentes Condiciones generales de uso, respetando en todo momento a los dem\u00e1s usuarios de la misma.<\/p>\n<p>En caso de incumplimiento total o parcial de las presentes condiciones, la Fundaci\u00f3n Entreculturas, Fundaci\u00f3n Alboan, Fundaci\u00f3n Radio ECCA, Servicio Jesuita a Migrantes (SJM) se reservan el derecho de denegar el acceso a Conectadas.eu\u00a0 sin necesidad de previo aviso al usuario.<\/p>\n<p>La Fundaci\u00f3n Entreculturas, Fundaci\u00f3n Alboan, Fundaci\u00f3n Radio ECCA, Servicio Jesuita a Migrantes (SJM) adoptar\u00e1n todas las medidas a su alcance para impedir cualquier tipo de conducta contraria a las Leyes espa\u00f1olas y cooperar\u00e1 con las autoridades competentes en la identificaci\u00f3n de los sujetos responsables de las acciones que puedan suponer violaci\u00f3n de las leyes aplicables al presente sitio Web.<\/p>\n<p><strong>3.- OBLIGACIONES GENERALES DEL USUARIO<\/strong><\/p>\n<p>El usuario, al aceptar las presentes Condiciones generales de uso, se obliga expresamente a:<\/p>\n<p>No realizar ninguna acci\u00f3n destinada a perjudicar, bloquear, da\u00f1ar, inutilizar, sobrecargar, de forma temporal o definitiva, las funcionalidades, herramientas, contenidos y\/o la infraestructura de la p\u00e1gina web, de manera que impida su normal utilizaci\u00f3n.<\/p>\n<p>No introducir ni realizar contenidos injuriosos o calumniosos, tanto de otros usuarios como de terceros ajenos a la Fundaci\u00f3n Entreculturas, Fundaci\u00f3n Alboan, Fundaci\u00f3n Radio ECCA, Servicio Jesuita a Migrantes (SJM).<\/p>\n<p>No utilizar cualquiera de los materiales e informaciones contenidos en este sitio Web con fines il\u00edcitos y expresamente prohibidos en las presentes Condiciones generales de uso, y que resulten contrarios a los derechos e intereses de la Fundaci\u00f3n Entreculturas, Fundaci\u00f3n Alboan, Fundaci\u00f3n Radio ECCA, Servicio Jesuita a Migrantes (SJM) , sus usuarios y\/o terceros.<\/p>\n<p>El usuario responder\u00e1 de los todos los da\u00f1os y perjuicios de toda naturaleza que la Fundaci\u00f3n Entreculturas, Fundaci\u00f3n Alboan, Fundaci\u00f3n Radio ECCA, Servicio Jesuita a Migrantes (SJM) o cualquier tercero pueda sufrir como consecuencia del incumplimiento de cualesquiera de las obligaciones a las que queda sometido por virtud de este \u201cAviso Legal\u201d o de la ley en relaci\u00f3n con el acceso y\/o utilizaci\u00f3n de la p\u00e1gina Conectadas.eu.<\/p>\n<p><strong>8.- CONDICIONES DE PARTICIPACI\u00d3N DEL USUARIO EN DIFERENTES SECCIONES Y HERRAMIENTAS DE CONECTADAS.EU\u00a0 (BLOGS Y COMENTARIOS)<\/strong><\/p>\n<p>El usuario puede participar activamente en determinadas secciones y herramientas puestas a su disposici\u00f3n por parte de la Fundaci\u00f3n Entreculturas, Fundaci\u00f3n Alboan, Fundaci\u00f3n Radio ECCA, Servicio Jesuita a Migrantes (SJM) en Conectadas.eu , tales como inserci\u00f3n de comentarios en blogs y noticias.<\/p>\n<p>Para la participaci\u00f3n en los Blogs, el usuario deber\u00e1 identificarse, comprometi\u00e9ndose a que cualquier informaci\u00f3n u opini\u00f3n que introduzca sea conforme a la Ley, la moral y el orden p\u00fablico, absteni\u00e9ndose de realizar comentarios que sean contrarios a las normas de etiqueta de Internet.<\/p>\n<p>La Fundaci\u00f3n Entreculturas, Fundaci\u00f3n Alboan, Fundaci\u00f3n Radio ECCA, Servicio Jesuita a Migrantes (SJM), a trav\u00e9s de sus administradores, se reservan el derecho de editar o eliminar cualquier mensaje, o impedir el acceso a los Blogs al usuario que incumpla las normas de utilizaci\u00f3n de estas herramientas sin necesidad de previo aviso. Dicha no publicaci\u00f3n no podr\u00e1 ser considerada en ning\u00fan momento ni por ning\u00fan motivo una limitaci\u00f3n del derecho fundamental a la libertad de expresi\u00f3n del usuario.<\/p>\n<p>A t\u00edtulo enunciativo, y en ning\u00fan caso limitativo o excluyente, el usuario de los Blogs de Conectadas.eu , se compromete expresamente a:<\/p>\n<p>No introducir o difundir contenidos o propaganda de car\u00e1cter racista, xen\u00f3fobo, pornogr\u00e1fico, de apolog\u00eda del terrorismo o que atenten contra los derechos y libertades fundamentales de los individuos; y en general contravengan los principios de legalidad, responsabilidad, protecci\u00f3n de la dignidad humana y la protecci\u00f3n de menores.<\/p>\n<p>No introducir ni utilizar los Blogs para realizar agravios, insultos, provocaciones, descalificaciones personales o introducir contenidos con un lenguaje impropio o inadecuado, sean dirigidos tales contenidos a un participante o no. Asimismo, tampoco podr\u00e1n realizarse denuncias ni acusaciones de ning\u00fan tipo.<\/p>\n<p>No introducir o difundir publicidad ni ofertas comerciales y\/o promocionales de terceras empresas ajenas a Fundaci\u00f3n Entreculturas, Fundaci\u00f3n Alboan, Fundaci\u00f3n Radio ECCA, Servicio Jesuita a Migrantes (SJM). Igualmente, los usuarios de los Blogs no est\u00e1n autorizados a introducir cadenas de mensajes, felicitaciones o mensajes que no tengan relaci\u00f3n alguna con el contenido del Blog\/Noticia.<\/p>\n<p>No introducir o difundir virus o software nocivo susceptible de provocar da\u00f1os en los sistemas inform\u00e1ticos.<\/p>\n<p>No introducir contenidos protegidos (entre otros, im\u00e1genes, sonidos, fotograf\u00edas, v\u00eddeos, textos, documentos) por el derecho de autor y la propiedad industrial (entre otras; marcas, nombres comerciales, distintivos gr\u00e1ficos) sin contar con la autorizaci\u00f3n expresa de sus respectivos propietarios o titulares de los derechos.<\/p>\n<p>El usuario reconoce y acepta que cualquier comentario y\/o opini\u00f3n que manifieste y sea publicada, ser\u00e1 de su exclusiva responsabilidad a todos los efectos. En este sentido, el usuario ser\u00e1 directamente responsable de los da\u00f1os y perjuicios causados a terceros derivados de la utilizaci\u00f3n del Blog, as\u00ed como de los da\u00f1os y perjuicios causados por la falta de legalidad, veracidad, exactitud, moralidad y de toda informaci\u00f3n y opiniones que proporcione o haga accesible a otros usuarios y\/o visitantes de Conectadas.eu.<\/p>\n<p><strong>9.- PROPIEDAD INTELECTUAL E INDUSTRIAL.<\/strong><\/p>\n<p>El sitio web Conectadas.eu, las p\u00e1ginas que comprende y la informaci\u00f3n o elementos contenidos en las mismas (incluyendo textos, documentos, fotograf\u00edas, dibujos, representaciones gr\u00e1ficas, entre otros), as\u00ed como logotipos, marcas u otros signos distintivos, se encuentran protegidos por derechos de propiedad intelectual o industrial, de los que la Fundaci\u00f3n Entreculturas, Fundaci\u00f3n Alboan, Fundaci\u00f3n Radio ECCA, Servicio Jesuita a Migrantes (SJM) son titulares u ostentan autorizaci\u00f3n para la explotaci\u00f3n de los mismos por parte de los leg\u00edtimos titulares.<\/p>\n<p>El usuario se obliga a usar los contenidos de forma diligente y correcta, de acuerdo a la ley, la moral y el orden p\u00fablico.<\/p>\n<p>La Fundaci\u00f3n Entreculturas, Fundaci\u00f3n Alboan, Fundaci\u00f3n Radio ECCA, Servicio Jesuita a Migrantes (SJM) autorizan al usuario para visualizar la informaci\u00f3n que se contiene en este sitio web, as\u00ed como para efectuar reproducciones privadas (simple actividad de descarga y almacenamiento en sus sistemas inform\u00e1ticos), siempre y cuando los elementos sean destinados \u00fanicamente al uso personal o para finalidades previamente autorizadas por la Fundaci\u00f3n Entreculturas, Fundaci\u00f3n Alboan, Fundaci\u00f3n Radio ECCA, Servicio Jesuita a Migrantes (SJM).<\/p>\n<p>El usuario no est\u00e1 autorizado para proceder a la distribuci\u00f3n, modificaci\u00f3n, cesi\u00f3n o comunicaci\u00f3n p\u00fablica de la informaci\u00f3n contenida en esta Web en cualquier forma y cualquiera que sea su finalidad.<\/p>\n<p><strong>10.- ENLACES.<\/strong><\/p>\n<p>Las conexiones y enlaces a sitios o p\u00e1ginas Web de terceros se han establecido \u00fanicamente como una utilidad para el usuario. La Fundaci\u00f3n Entreculturas, Fundaci\u00f3n Alboan, Fundaci\u00f3n Radio ECCA, Servicio Jesuita a Migrantes (SJM) no son, en ning\u00fan caso, responsables de las mismas o de su contenido.<\/p>\n<p>La Fundaci\u00f3n Entreculturas, Fundaci\u00f3n Alboan, Fundaci\u00f3n Radio ECCA, Servicio Jesuita a Migrantes (SJM) no asumen ninguna responsabilidad derivada de la existencia de enlaces entre los contenidos de este sitio y contenidos situados fuera del mismo o cualquier otra menci\u00f3n de contenidos externos a este sitio. Tales enlaces o menciones tienen una finalidad exclusivamente informativa y, en ning\u00fan caso, implican el apoyo, aprobaci\u00f3n o relaci\u00f3n alguna entre la Fundaci\u00f3n Entreculturas, Fundaci\u00f3n Alboan, Fundaci\u00f3n Radio ECCA, Servicio Jesuita a Migrantes (SJM) y las personas o entidades autoras y\/o gestoras de tales contenidos o titulares de los sitios donde se encuentren.<\/p>\n<p>Para realizar enlaces con la p\u00e1gina Web Conectadas.eu ser\u00e1 necesaria la autorizaci\u00f3n expresa y por escrito de la Fundaci\u00f3n Entreculturas, Fundaci\u00f3n Alboan, Fundaci\u00f3n Radio ECCA, Servicio Jesuita a Migrantes (SJM)<\/p>\n<p><strong>11.- RESPONSABILIDAD.<\/strong><\/p>\n<p>La Fundaci\u00f3n Entreculturas, Fundaci\u00f3n Alboan, Fundaci\u00f3n Radio ECCA, Servicio Jesuita a Migrantes (SJM) no garantizan el acceso continuado, ni la correcta visualizaci\u00f3n, descarga o utilidad de los elementos e informaci\u00f3n contenidos en las p\u00e1ginas del portal Conectadas.eu que pueden verse impedidos, dificultados o interrumpidos por factores o circunstancias fuera de su control o ajenas a su voluntad, ni de aquellos que sean producidos por la existencia de virus inform\u00e1ticos en Internet.<\/p>\n<p>La Fundaci\u00f3n Entreculturas, Fundaci\u00f3n Alboan, Fundaci\u00f3n Radio ECCA, Servicio Jesuita a Migrantes (SJM) no asumen responsabilidad alguna por da\u00f1os, perjuicios, p\u00e9rdidas, reclamaciones o gastos, producidos por:<\/p>\n<p>Interferencias, interrupciones, fallos, omisiones, retrasos, bloqueos o desconexiones, motivadas por errores en las l\u00edneas y redes de telecomunicaciones o por cualquier otra causa ajena al control de la Fundaci\u00f3n Entreculturas, Fundaci\u00f3n Alboan, Fundaci\u00f3n Radio ECCA, Servicio Jesuita a Migrantes (SJM).<\/p>\n<p>Intromisiones ileg\u00edtimas mediante el uso de programas malignos de cualquier tipo y a trav\u00e9s de cualquier medio de comunicaci\u00f3n, tales como virus inform\u00e1ticos o cualesquiera otros;<\/p>\n<p>Uso indebido o inadecuado de la p\u00e1gina web Conectadas.eu<\/p>\n<p>Errores de seguridad o navegaci\u00f3n producidos por un mal funcionamiento del navegador o por el uso de versiones no actualizadas.<\/p>\n<p><strong>12.- JURISDICCI\u00d3N.<\/strong><\/p>\n<p>En caso de controversia o conflicto que pueda derivarse de la interpretaci\u00f3n o cumplimiento del presente Aviso Legal, las mismas ser\u00e1n resueltas ante los Tribunales y Juzgados de Madrid, Espa\u00f1a.<\/p>\n<p>Si alguna cl\u00e1usula o apartado de las presentes Condiciones generales, que no sea de naturaleza esencial para la existencia del mismo, es declarada nula o inaplicable, la validez de las restantes cl\u00e1usulas no se ver\u00e1 afectada Conectadas.eu.<\/p>\n","protected":false},"excerpt":{"rendered":"<p>El acceso y la navegaci\u00f3n en este sitio web implican la aceptaci\u00f3n expresa e \u00edntegra de todas y cada una de las presentes condiciones generales, incluidas la Pol\u00edtica de privacidad y Cookies, relativa a las finalidades de los tratamientos de los datos que se nos faciliten. Por favor, recomendamos que la lea atentamente. Salvo indicaci\u00f3n [&hellip;]<\/p>\n","protected":false},"author":1,"featured_media":0,"parent":0,"menu_order":0,"comment_status":"closed","ping_status":"closed","template":"","meta":{"_acf_changed":false,"inline_featured_image":false,"_themeisle_gutenberg_block_has_review":false,"footnotes":""},"class_list":["post-212","page","type-page","status-publish","hentry"],"acf":[],"_links":{"self":[{"href":"https:\/\/conectadas.eu\/en\/wp-json\/wp\/v2\/pages\/212","targetHints":{"allow":["GET"]}}],"collection":[{"href":"https:\/\/conectadas.eu\/en\/wp-json\/wp\/v2\/pages"}],"about":[{"href":"https:\/\/conectadas.eu\/en\/wp-json\/wp\/v2\/types\/page"}],"author":[{"embeddable":true,"href":"https:\/\/conectadas.eu\/en\/wp-json\/wp\/v2\/users\/1"}],"replies":[{"embeddable":true,"href":"https:\/\/conectadas.eu\/en\/wp-json\/wp\/v2\/comments?post=212"}],"version-history":[{"count":13,"href":"https:\/\/conectadas.eu\/en\/wp-json\/wp\/v2\/pages\/212\/revisions"}],"predecessor-version":[{"id":283,"href":"https:\/\/conectadas.eu\/en\/wp-json\/wp\/v2\/pages\/212\/revisions\/283"}],"wp:attachment":[{"href":"https:\/\/conectadas.eu\/en\/wp-json\/wp\/v2\/media?parent=212"}],"curies":[{"name":"wp","href":"https:\/\/api.w.org\/{rel}","templated":true}]}}