{"id":173,"date":"2023-11-21T18:05:08","date_gmt":"2023-11-21T17:05:08","guid":{"rendered":"https:\/\/conectadas.eu\/politica-de-privacidade\/"},"modified":"2023-11-27T12:27:03","modified_gmt":"2023-11-27T11:27:03","slug":"politica-de-privacidade","status":"publish","type":"page","link":"https:\/\/conectadas.eu\/gl\/politica-de-privacidade\/","title":{"rendered":"Pol\u00edtica de privacidade"},"content":{"rendered":"<p>Esta Pol\u00edtica de Privacidade \u00e9 parte integrante das condici\u00f3ns xerais. O acceso e navegaci\u00f3n no sitio, ou a utilizaci\u00f3n dos seus servizos, implican a aceptaci\u00f3n das condici\u00f3ns xerais (e polo tanto da Pol\u00edtica de Privacidade e Pol\u00edtica de Cookies). Por favor, l\u00e9aas atentamente.<\/p>\n<p>A p\u00e1xina Conectadas.eu \u00e9 a p\u00e1xina web da campa\u00f1a \u00abConectadas\u00bb. Mediante esta campa\u00f1a pretendemos dar a co\u00f1ecer os logros do proxecto \u00abInclusi\u00f3n dixital e de calidade: reducindo a fenda dixital para un mundo m\u00e1is xusto e sustentable\u00bb que levaron a cabo organizaci\u00f3ns e redes do Sector Social da Compa\u00f1\u00eda de Xes\u00fas en Espa\u00f1a.<\/p>\n<p>Nesta Pol\u00edtica de Privacidade informamos sobre:<\/p>\n<ul>\n<li>Quen \u00e9 o responsable do tratamento dos seus datos?<\/li>\n<li>Cal \u00e9 a lexitimaci\u00f3n para o tratamento dos seus datos?<\/li>\n<li>Quen nos pode facilitar datos?<\/li>\n<li>Que datos recompilamos?<\/li>\n<li>Como se utiliza a informaci\u00f3n?<\/li>\n<li>Comunicaci\u00f3ns por correo electr\u00f3nico<\/li>\n<li>Como e onde se comparte a informaci\u00f3n?<\/li>\n<li>Canto tempo conservaremos os datos persoais?<\/li>\n<li>Seguridade dos seus datos<\/li>\n<li>Que dereitos ten?<\/li>\n<li>Responsable de privacidade<\/li>\n<li>Cambios na Pol\u00edtica de Privacidade<\/li>\n<\/ul>\n<p><strong>Quen \u00e9 o responsable do tratamento dos seus datos?<\/strong><\/p>\n<p><strong>FUNDACI\u00d3N ENTRECULTURAS FE Y ALEGR\u00cdA<\/strong><\/p>\n<p>Att. Responsable privacidade<br \/>\nCalle Maldonado, 1, A, andar 3<br \/>\n28006 Madrid (Espa\u00f1a)<br \/>\nCorreo electr\u00f3nico: datos@entreculturas.org<br \/>\nAdemais, se tes algunha d\u00fabida adicional relacionada coa Protecci\u00f3n de Datos, podes contactar co noso Delegado de Protecci\u00f3n de Datos en rgpd@entreculturas.org.<\/p>\n<p><strong>FUNDACI\u00d3N ALBOAN<\/strong><\/p>\n<p>Calle Padre Lojendio, 2. 2\u00aa.<br \/>\n48008 \u2013 Bilbao (Espa\u00f1a)<br \/>\nCIF. G-48811376<br \/>\nContacto para modificaci\u00f3n de datos: info@alboan.org<\/p>\n<p><strong>FUNDACI\u00d3N RADIO ECCA<\/strong><\/p>\n<p>Avd. Escaleritas, N\u00ba64-1, C.P. 35011<br \/>\nLas Palmas de Gran Canaria (Las Palmas)<br \/>\nTel: 928 289 168<br \/>\nCorreo electr\u00f3nico: direccion@radioecca.org<\/p>\n<p><strong>SERVICIO JESUITA A MIGRANTES &#8211; SJM ESPA\u00d1A<\/strong><\/p>\n<p>Av.\u00a0 Moncloa, 6, 28003, Madrid<br \/>\nCIF G-85662849<br \/>\nCorreo electr\u00f3nico:\u00a0 info@sjme.org<\/p>\n<p><strong>Cal \u00e9 a lexitimaci\u00f3n para o tratamento dos seus datos?<\/strong><\/p>\n<p>A base legal que lexitima o tratamento dos seus datos var\u00eda segundo a finalidade e a forma de obter os seus datos: nalg\u00fans casos ser\u00e1 a execuci\u00f3n dun acordo, mentres que noutros ser\u00e1 a obtenci\u00f3n do seu consentimento a trav\u00e9s da marcaci\u00f3n dun recadro habilitado para o efecto, ou a trav\u00e9s doutro mecanismo que constit\u00faa en todo caso unha acci\u00f3n afirmativa, o interese lex\u00edtimo de Fundaci\u00f3n Entreculturas, Fundaci\u00f3n Alboan, Fundaci\u00f3n Radio ECCA, Servicio Jesuita a Migrantes (SJM) \u00a0como Responsables do tratamento, ou unha obriga legal.<\/p>\n<p><strong>Quen nos pode facilitar datos?<\/strong><\/p>\n<p>Ao acceder \u00e1 nosa p\u00e1xina, manifesta que todos os datos que nos facilita, ben sexan obrigatorios para prestar o servizo ou informaci\u00f3n, ou ben datos voluntarios cando se desexa colaborar connosco, realizar alg\u00fan comentario nos nosos blogs ou participar nas nosas petici\u00f3ns, son verdadeiros e correctos; isto \u00e9, responden \u00e1 s\u00faa situaci\u00f3n real.<\/p>\n<p>Os datos deber\u00e1n ser facilitados polo interesado, non obstante, en determinados casos, poder\u00e1n facilitarse datos de terceiros, sempre que se garanta que o interesado foi informado e obtido o seu consentimento, non sendo Fundaci\u00f3n Entreculturas, Fundaci\u00f3n Alboan, Fundaci\u00f3n Radio ECCA, Servicio Jesuita a Migrantes (SJM) \u00a0responsables diso en calquera caso.<\/p>\n<p>A subministraci\u00f3n destes datos implica que foron facilitados de forma voluntaria e con consentimento para que poidan ser tratados tanto informatizados como non automatizados e para fins concretos e lex\u00edtimos que a Fundaci\u00f3n Entreculturas, Fundaci\u00f3n Alboan, Fundaci\u00f3n Radio ECCA, Servicio Jesuita a Migrantes (SJM) \u00a0describen a continuaci\u00f3n, non sendo utilizados para fins incompatibles, nin transferidos para terceiros sen o seu consentimento.<\/p>\n<p><strong>Que datos recompilamos?<\/strong><\/p>\n<p>Ao enviar unha consulta de informaci\u00f3n, subscribirse aos nosos bolet\u00edns, participar nas nosas acci\u00f3ns, facilitar o seu apoio \u00e1s nosas campa\u00f1as, contactar connosco por correo electr\u00f3nico, facer comentarios nos nosos blogs ou colaborar connosco (como socio e\/ou como doador), podemos solicitarlle que nos facilite unha serie de datos e informaci\u00f3ns persoais como o seu nome, apelidos, enderezo, correo electr\u00f3nico, tel\u00e9fono de contacto, etc. Para ser socio ou doante da Fundaci\u00f3n Entreculturas, Fundaci\u00f3n Alboan, Fundaci\u00f3n Radio ECCA, Servicio Jesuita a Migrantes (SJM) solicitaremos outras categor\u00edas de datos necesarios para establecer tal v\u00ednculo, como son os datos econ\u00f3micos.<\/p>\n<p>Os datos que lle solicitemos, e que sexan tratados, ser\u00e1n sempre adecuados, pertinentes e non excesivos para a s\u00faa solicitude de informaci\u00f3n, colaboraci\u00f3n e\/ou participaci\u00f3n dentro da Fundaci\u00f3n Entreculturas, Fundaci\u00f3n Alboan, Fundaci\u00f3n Radio ECCA, Servicio Jesuita a Migrantes (SJM).<\/p>\n<p><strong>Como se utiliza a informaci\u00f3n?<\/strong><\/p>\n<p>A Fundaci\u00f3n Entreculturas, Fundaci\u00f3n Alboan, Fundaci\u00f3n Radio ECCA, Servicio Jesuita a Migrantes (SJM) \u00a0utilizar\u00e1n a informaci\u00f3n que nos facilite para os fins requiridos en cada un dos formularios de recollida de datos:<\/p>\n<p>a) Resposta \u00e1s solicitudes de informaci\u00f3n do usuario. No caso de que nos env\u00ede unha solicitude de informaci\u00f3n, trataremos os seus datos co fin de recibir, xestionar, tratar e responder as consultas e solicitudes de informaci\u00f3n que nos env\u00ede a trav\u00e9s dos distintos formularios de contacto, web ou enviadas \u00e1s nosas sedes e delegaci\u00f3ns.<\/p>\n<p>b) Subscrici\u00f3n ao Bolet\u00edn de noticias ou Newsletters. Trataremos os seus datos de identificaci\u00f3n e correo electr\u00f3nico para enviarlle as nosas noticias e bolet\u00edns. Pode cancelar a subscrici\u00f3n en calquera momento.<\/p>\n<p>c) Colaborar ou participar nas acci\u00f3ns de petici\u00f3n organizadas pola Fundaci\u00f3n Entreculturas Fe y Alegr\u00eda e a Fundaci\u00f3n Alboan. Os datos facilitados ser\u00e1n tratados para enviarlle informaci\u00f3n por correo electr\u00f3nico e\/ou correo postal sobre as nosas acci\u00f3ns ou acci\u00f3ns organizadas conxuntamente con terceiros pola Fundaci\u00f3n. Se as solicitudes se presentan ante unha Organizaci\u00f3n nacional ou supranacional, os datos facilitados poder\u00e1n ser cedidos a esta para a comprobaci\u00f3n e verificaci\u00f3n das solicitudes presentadas.<\/p>\n<p>d) Participar e engadir comentarios aos nosos blogs. Para participar nos nosos blogs e para que o seu comentario se publique, trataremos os datos de usuario e de correo electr\u00f3nico co fin de identificar e xestionar a s\u00faa publicaci\u00f3n na nosa web.<\/p>\n<p>e) Colaborar activamente mediante unha doaz\u00f3n ou facerse socio da Fundaci\u00f3n Entreculturas Fe y Alegr\u00eda ou da Fundaci\u00f3n Alboan. No caso de que acceda ao noso formulario no apartado &#8220;colaborar&#8221; e cubra os seus datos. A informaci\u00f3n facilitada ser\u00e1 tratada coa finalidade de xesti\u00f3n econ\u00f3mica, contable, fiscal e administrativa dos asociados e doadores da Fundaci\u00f3n Entreculturas Fe y Alegr\u00eda ou Fundaci\u00f3n Alboan.<\/p>\n<p>f) Outras actividades organizadas pola Fundaci\u00f3n Entreculturas Fe y Alegr\u00eda ou a Fundaci\u00f3n Alboan. Poder\u00e1 colaborar e participar en acci\u00f3ns organizadas e\/ou promovidas pola Fundaci\u00f3n, facilitando os datos solicitados nos correspondentes formularios e para os fins expresamente indicados neles.<\/p>\n<p><strong>Comunicaci\u00f3ns por correo electr\u00f3nico<\/strong><\/p>\n<p>Ao enviarnos unha consulta ou solicitude de informaci\u00f3n a trav\u00e9s do correo electr\u00f3nico de contacto, est\u00e1s dando o teu consentimento consciente e expreso para o tratamento dos datos facilitados \u00e1 Fundaci\u00f3n Entreculturas, Fundaci\u00f3n Alboan, Fundaci\u00f3n Radio ECCA, Servicio Jesuita a Migrantes (SJM) co fin de dar resposta \u00e1 consulta ou solicitude formulada; non obstante, non enviaremos comunicaci\u00f3ns comerciais a non ser que nos dea o consentimento expreso para facelo.<\/p>\n<p>Nos nosos correos electr\u00f3nicos atopar\u00e1s informaci\u00f3n para revogar o consentimento ou darte de baixa de calquera comunicaci\u00f3n da Fundaci\u00f3n Entreculturas, Fundaci\u00f3n Alboan, Fundaci\u00f3n Radio ECCA, Servicio Jesuita a Migrantes (SJM)<\/p>\n<p><strong>Como e onde se comparte a informaci\u00f3n?<\/strong><\/p>\n<p>A Fundaci\u00f3n Entreculturas, Fundaci\u00f3n Alboan, Fundaci\u00f3n Radio ECCA, Servicio Jesuita a Migrantes (SJM) \u00a0informan expresamente que nos casos nos que colabore ou participe en determinadas acci\u00f3ns (Carreira Solidaria, Concerto Solidario, Petici\u00f3ns \u00e1s Naci\u00f3ns Unidas, Socios e Doaz\u00f3ns, etc.), procederemos a ceder os seus datos a organismos e administraci\u00f3ns, bancos e outras entidades colaboradoras de acordo coa normativa legal vixente e, para a xesti\u00f3n corporativa da informaci\u00f3n.<\/p>\n<p><strong>Canto tempo conservaremos os datos persoais?<\/strong><\/p>\n<ul>\n<li>Os datos persoais conservaranse mentres permaneza vinculado a n\u00f3s.<\/li>\n<li>Unha vez desvinculado, os datos persoais tratados para cada finalidade conservaranse durante os prazos legalmente establecidos, inclu\u00eddo o prazo en que un xu\u00edz ou tribunal poida requirilos de acordo co prazo de prescrici\u00f3n das acci\u00f3ns xudiciais.<\/li>\n<\/ul>\n<p><strong>Seguridade dos datos facilitados<\/strong><\/p>\n<p>A Fundaci\u00f3n Entreculturas, Fundaci\u00f3n Alboan, Fundaci\u00f3n Radio ECCA, Servicio Jesuita a Migrantes (SJM) \u00a0conceden moita importancia \u00e1 seguridade de toda a informaci\u00f3n e datos persoais que tratamos. Desafortunadamente, a transmisi\u00f3n de informaci\u00f3n a trav\u00e9s de Internet non \u00e9 completamente segura; por iso, esforz\u00e1monos e destinamos recursos para mellorar a nosa p\u00e1xina cada d\u00eda e para que as funcionalidades que se po\u00f1an \u00e1 s\u00faa disposici\u00f3n sexan m\u00e1is seguras (implementouse a funcionalidade https nos formularios de adhesi\u00f3n e doaz\u00f3ns, co fin de protexer os datos econ\u00f3micos-financeiros con ferramentas de cifrado SSL).<\/p>\n<p>Unha vez recibida a s\u00faa informaci\u00f3n, apl\u00edcanse medidas de seguridade para garantir a confidencialidade, integridade e evitar calquera perda, mal uso e\/ou alteraci\u00f3n dos datos baixo o noso control. As nosas pol\u00edticas de seguridade e privacidade rev\u00edsanse e mell\u00f3ranse periodicamente segundo sexa necesario, e s\u00f3 o persoal autorizado ten acceso \u00e1 informaci\u00f3n do usuario.<\/p>\n<p><strong>Que dereitos ten?<\/strong><\/p>\n<ul>\n<li>A saber se estamos tratando os seus datos ou non.<\/li>\n<li>A acceder aos seus datos persoais.<\/li>\n<li>A solicitar a rectificaci\u00f3n dos seus datos se son inexactos.<\/li>\n<li>A solicitar a eliminaci\u00f3n dos seus datos se xa non son necesarios para os fins para os que foron recollidos ou se nos retira o consentimento outorgado.<\/li>\n<li>A solicitar a limitaci\u00f3n do tratamento dos seus datos, nalg\u00fans casos, en cuxo caso s\u00f3 os conservaremos de acordo coa normativa vixente.<\/li>\n<li>A enviarlle os datos que sobre si se garden en Fundaci\u00f3n Entreculturas, Fundaci\u00f3n Alboan, Fundaci\u00f3n Radio ECCA, Servicio Jesuita a Migrantes (SJM) \u00a0e que lle ser\u00e1n facilitados nun formato estruturado, de uso com\u00fan ou lectura mec\u00e1nica. Se o prefire, podemos enviarllos ao novo responsable que nos designe. (S\u00f3 \u00e9 v\u00e1lido en determinados casos).<\/li>\n<li>A presentar unha reclamaci\u00f3n ante a Axencia Espa\u00f1ola de Protecci\u00f3n de Datos ou autoridade de control competente, se considera que non o atendemos correctamente.<\/li>\n<li>A revogar o consentimento para calquera tratamento que consentise, en calquera momento.<br \/>\nSe modifica alg\u00fan dato, agradecemos que nolo comunique para que poidamos mantelo actualizado.<\/li>\n<\/ul>\n<p>Este sitio web pode conter ligaz\u00f3ns a e dende outras p\u00e1xinas web, xa sexa dos nosos patrocinadores, socios, empresas asociadas ou empresas colaboradoras, entre outros. Se accede a estas p\u00e1xinas, debe ter en conta que nelas poden volver solicitarlle datos ou informaci\u00f3ns poersoais. Por este motivo, ped\u00edmoslle que cando visite estas p\u00e1xinas, tam\u00e9n revise a s\u00faa pol\u00edtica de privacidade.<\/p>\n<p><strong>Responsable de privacidade<\/strong><\/p>\n<p>En calquera momento pode solicitar, de xeito totalmente gratu\u00edto, ben por carta ou por correo electr\u00f3nico, o exercicio dos seus dereitos, debendo inclu\u00edr coa s\u00faa solicitude unha fotocopia do seu DNI\/NIE\/Pasaporte, xa que se trata dun dereito estritamente persoal.<\/p>\n<p>As solicitudes deber\u00e1n dirixirse ao responsable de privacidade no seguinte enderezo:<\/p>\n<p>FUNDACI\u00d3N ENTRECULTURAS FE Y ALEGR\u00cdA<\/p>\n<p>Att. Responsable privacidade<br \/>\nCalle Maldonado, 1, A, andar 3<br \/>\n28006 Madrid (Espa\u00f1a)<br \/>\nCorreo electr\u00f3nico: datos@entreculturas.org<br \/>\nAdemais, se tes algunha d\u00fabida adicional relacionada coa Protecci\u00f3n de Datos, podes contactar co noso Delegado de Protecci\u00f3n de Datos en rgpd@entreculturas.org.<\/p>\n<p>FUNDACI\u00d3N ALBOAN<\/p>\n<p>Calle Padre Lojendio, 2. 2\u00aa.<br \/>\n48008 \u2013 Bilbao (Espa\u00f1a)<br \/>\nCIF. G-48811376<br \/>\nContacto para modificaci\u00f3n de datos: info@alboan.org<\/p>\n<p>FUNDACI\u00d3N RADIO ECCA<\/p>\n<p>Avd. Escaleritas, N\u00ba64-1, C.P. 35011<br \/>\nLas Palmas de Gran Canaria (Las Palmas)<br \/>\nTel: 928 289 168<br \/>\nCorreo electr\u00f3nico: direccion@radioecca.org<\/p>\n<p>SERVICIO JESUITA A MIGRANTES &#8211; SJM ESPA\u00d1A<\/p>\n<p>Av.\u00a0 Moncloa, 6, 28003, Madrid<br \/>\nCIF G-85662849<br \/>\nCorreo electr\u00f3nico:\u00a0 info@sjme.org<\/p>\n<p><strong>Cambios na Pol\u00edtica de Privacidade<\/strong><\/p>\n<p>A Fundaci\u00f3n Entreculturas, Fundaci\u00f3n Alboan, Fundaci\u00f3n Radio ECCA, Servicio Jesuita a Migrantes (SJM) poder\u00e1n modificar ou adaptar a s\u00faa Pol\u00edtica de Privacidade e Tratamento de Datos Persoais. Recomendamos que se visite cada vez que navegue polo sitio para estar sempre informado con antelaci\u00f3n dos datos que nos proporcione.<\/p>\n","protected":false},"excerpt":{"rendered":"<p>Esta Pol\u00edtica de Privacidade \u00e9 parte integrante das condici\u00f3ns xerais. O acceso e navegaci\u00f3n no sitio, ou a utilizaci\u00f3n dos seus servizos, implican a aceptaci\u00f3n das condici\u00f3ns xerais (e polo tanto da Pol\u00edtica de Privacidade e Pol\u00edtica de Cookies). Por favor, l\u00e9aas atentamente. A p\u00e1xina Conectadas.eu \u00e9 a p\u00e1xina web da campa\u00f1a \u00abConectadas\u00bb. Mediante esta [&hellip;]<\/p>\n","protected":false},"author":1,"featured_media":0,"parent":0,"menu_order":0,"comment_status":"closed","ping_status":"closed","template":"","meta":{"_acf_changed":false,"inline_featured_image":false,"_themeisle_gutenberg_block_has_review":false,"footnotes":""},"class_list":["post-173","page","type-page","status-publish","hentry"],"acf":[],"_links":{"self":[{"href":"https:\/\/conectadas.eu\/gl\/wp-json\/wp\/v2\/pages\/173","targetHints":{"allow":["GET"]}}],"collection":[{"href":"https:\/\/conectadas.eu\/gl\/wp-json\/wp\/v2\/pages"}],"about":[{"href":"https:\/\/conectadas.eu\/gl\/wp-json\/wp\/v2\/types\/page"}],"author":[{"embeddable":true,"href":"https:\/\/conectadas.eu\/gl\/wp-json\/wp\/v2\/users\/1"}],"replies":[{"embeddable":true,"href":"https:\/\/conectadas.eu\/gl\/wp-json\/wp\/v2\/comments?post=173"}],"version-history":[{"count":1,"href":"https:\/\/conectadas.eu\/gl\/wp-json\/wp\/v2\/pages\/173\/revisions"}],"predecessor-version":[{"id":175,"href":"https:\/\/conectadas.eu\/gl\/wp-json\/wp\/v2\/pages\/173\/revisions\/175"}],"wp:attachment":[{"href":"https:\/\/conectadas.eu\/gl\/wp-json\/wp\/v2\/media?parent=173"}],"curies":[{"name":"wp","href":"https:\/\/api.w.org\/{rel}","templated":true}]}}